{"id":26,"date":"2019-08-27T04:19:25","date_gmt":"2019-08-27T04:19:25","guid":{"rendered":"https:\/\/themify.me\/demo\/themes\/ultra-fashion\/shop\/"},"modified":"2023-01-24T23:23:33","modified_gmt":"2023-01-24T23:23:33","slug":"doneaza","status":"publish","type":"page","link":"https:\/\/editura-doinacornea.ro\/index.php\/doneaza\/","title":{"rendered":"Doneaz\u0103"},"content":{"rendered":"<h2 class=\"has-text-align-center\">Sus\u0163ine \u015fi tu Funda\u0163ia Doina Cornea!<\/h2>\n\n\n\n<div class=\"wp-block-columns\">\n<div class=\"wp-block-column\" style=\"flex-basis:50%\">\n<div class=\"wp-container-1 wp-block-group\"><div class=\"wp-block-group__inner-container\"><div style='width:100%;'>     \r\n<script src=\"https:\/\/cdnjs.cloudflare.com\/ajax\/libs\/jquery\/3.3.1\/jquery.min.js\"><\/script>\r\n<link href='https:\/\/fonts.googleapis.com\/css?family=Roboto:400,100,100italic,300,300italic,400italic,500,500italic,700,700italic,900italic,900' rel='stylesheet' type='text\/css'>\r\n<style type=\"text\/css\">\r\n\t*{ font-family: Roboto, sans-serif;}\r\n\tbody{ padding: 0px;margin: 0px;}\r\n\t.donation-container{height:460px;font-weight:400;font-size:16px;text-transform:uppercase;margin-top:30px;}\r\n\t.donation-box{max-width:390px;height:460px;background-color:#f5f5f5;border-top-left-radius:4px;border-top-right-radius:4px;position:relative;margin-left:auto;margin-right:auto;-webkit-transition:all 0.15s ease-out;-moz-transition:all 0.15s ease-out;-o-transition:all 0.15s ease-out;transition:all 0.15s ease-out;}\r\n\t.donation-box .ep_title{max-height:70px;overflow:hidden;background-color:#5c5c5c;font-family:Roboto;width:100%;border-top-left-radius:4px;border-top-right-radius:4px;color:#ffffff;text-align:center;padding-top:12px;padding-bottom:6px;font-size:17px;}\r\n\t.donation-box .donate-button{background-color:#000000;line-height:16px;width:100%;font-family:Roboto;color:#ffffff;text-align:center;padding-top:12px;padding-bottom:12px;font-size:20px;bottom:0px;position:absolute;cursor:pointer;font-weight:400;border:0px;text-shadow:none;}\r\n\t.donate-button:hover{background-color:#393939 !important;color:#ffffff !important;}\r\n\t.ep_button input[type=\"radio\"]{display:none;}.donation-box .fields{width:59%;display:block;position:absolute;top:85px;left:15px;}\r\n\t.ep_button > label {cursor:pointer;font-family:Roboto;display:inline-block;margin:0px;padding:0px;font-weight:400;}\r\n\t.donation-box .fields input{background-color:#e8e8e8;font-family:Roboto;min-height:auto;width:90%;font-size:16px;padding:10px;border-radius:4px;border-width:0px;color:#5c5c5c;font-weight:400;margin-bottom:10px;-webkit-font-smoothing:antialiased;}\r\n\t.donation-box .fields select{width:90%;font-size:16px;padding:10px;border-radius:4px;border-width:0px;color:#5c5c5c;font-weight:400;margin-bottom:10px;-webkit-font-smoothing:antialiased;}\r\n\t::-webkit-input-placeholder{color:#999999;font-size:15px;}\r\n\t:-moz-placeholder{color:#999999;font-size:16px;}\r\n\t::-moz-placeholder{color:#999999;font-size:16px;}\r\n\t:-ms-input-placeholder{color:#999999;font-size:16px;}\r\n\t.donation-box .amount{width:30%;display:block;position:absolute;top:85px;right:15px;}\r\n\t.donation-box .amount .ep_button{width:100%;min-height:auto;background-color:#808080;margin-bottom:8px;text-align:center;color:#ffffff;padding:11px 0px 8px 0px;border-radius:4px;font-size:20px;cursor:pointer;border:0px;-webkit-transition:400ms background-color;-moz-transition:800ms opacity,800ms right;-ms-transition:800ms opacity,800ms right;-o-transition:800ms opacity,800ms right;transition:200ms background-color;}\r\n\t.donation-box .amount .ep_button:hover{background-color:#393939;color:#ffffff;}\r\n\t.donation-box .amount .ep_button.selected{background-color:#ddbc6a;color:#ffffff;}\r\n\t.donation-box .amount .ep_button input{min-width:34px;height:10px;font-size:20px;border:none;background-color:transparent;color:#ffffff;padding:22px 0px 15px 0px;border-bottom:2px dashed #ffffff;-webkit-font-smoothing:antialiased;-webkit-transition:all 0.15s ease-out;-moz-transition:all 0.15s ease-out;-o-transition:all 0.15s ease-out;transition:all 0.15s ease-out;}\r\n\t.donation-box .amount .ep_button:hover input{color:#ffffff;border-bottom:2px dashed #ffffff;}\r\n\t.donation-box .amount .ep_button.selected input{color:#ffffff;border-bottom:2px dashed #ffffff;}\r\n\r\n\t.donation-box .fields textarea{background-color:#e8e8e8;font-family:Roboto;color:#5c5c5c;}\r\n\tinput.amount_custom:focus, .donation-box .fields textarea, .donation-box .fields input:focus{outline: none;}\r\n\r\n\t.set-amount{max-width:50px!important;display:inline-block !important;}\r\n\t.switchx{width:90%;min-height:40px;margin-bottom:10px;background:white;border-radius:3px;}\r\n\t.switchx-label{position:relative;z-index:2;float:left;width:49%;line-height:40px;font-size:14px;color:#5c5c5c;text-align:center;cursor:pointer;font-weight:bold;margin:0px;font-family:Roboto}\r\n\t.switchx-input{display:none;}\r\n\t.switchx-label-off{padding-left:2px;}\r\n\t.switchx-label-on{padding-right:2px;}\r\n\t.switchx-label-curr{width:0% !important;}\r\n\t.switchx-input:checked + .switchx-label{font-weight:bold;color:#ddbc6a;}\r\n\t.ep_error{position: absolute; top: 45px; width: 100%;color:red;\r\n\t\tfont-size: 14px;padding: 5px;text-align: center;text-transform: none;background: rgba(200,100,100,.2);margin-top: -76px;border-radius: 10px 10px 0px 0px;}\r\n\t.rec-select{height:40px;display:inline-block;min-height:auto;width:100%;padding: 0px 10px 10px;margin-bottom:10px;}\r\n\t.rec-select>select{height: 40px;width: 100%!important;border-radius:5px;font-size: 14px; font-weight: 700;}\r\n\t#obs{height:110px;width:90%;border:none;resize:none;}\r\n\t@media (max-width: 390px) {\r\n\t\t.donation-box .fields {\r\n\t\t\tposition: relative !important;\r\n\t\t\tleft: 0px !important;\r\n\t\t\ttop: 0px  !important;\r\n\t\t\tmargin: 15px !important;\r\n\t\t\twidth: unset !important;\r\n\t\t}\r\n\t\t.donation-box .fields select,.donation-box .fields input {\r\n\t\t\twidth:100% !important;\r\n\t\t}\r\n\t\t.switchx {\r\n\t\t\twidth: unset !important;\r\n\t\t}\r\n\t\t\r\n\t\t.donation-box .amount {\r\n\t\t\tposition: relative !important;\r\n\t\t\tleft: 0px !important;\r\n\t\t\ttop: 0px !important;\r\n\t\t\tmargin: 15px !important;\r\n\t\t\twidth: unset !important;\r\n\t\t\tdisplay: flex;\r\n\t\t\tflex-wrap: wrap;\r\n\t\t\tjustify-content: space-between;\r\n\t\t}\r\n\t\t\r\n\t\t.donation-box .amount .ep_button {\r\n\t\t\twidth: 48%;\r\n\t\t}\r\n\t\t\r\n\t\t.amount_custom{\r\n\t\t\twidth: 100% !important;\r\n\t\t}\r\n\t\t\r\n\t\t.donation-box .donate-button {\r\n\t\t\tbottom:unset!important;\r\n\t\t\tposition:relative!important;\r\n\t\t}\r\n\t\t\r\n\t\t.donation-container,.donation-box {\r\n\t\t\theight: unset !important;\r\n\t\t}\r\n\t\t\r\n\t\t.set-amount {\r\n\t\t\tmax-width: 40px !important;\r\n\t\t}\r\n\t\t#obs{\r\n\t\t\twidth:100%;\r\n\t\t}\r\n\t}\r\n\r\n\r\n<\/style>\r\n\r\n\r\n<script type=\"text\/javascript\">\r\n$.noConflict();\r\njQuery(document).ready(function(e){\r\n\tvar n='',a='',l='',t='',u='',c='',r='',i='';\r\n\te('.ep_buttonjs1ead2917b4').click(function(){\r\n\t\te('.ep_buttonjs1ead2917b4').removeClass('selected');e(this).addClass('selected');e(this).find('input').focus();var t=e(this).find('input')[0].value;e('#amount_final1ead2917b4').val(t);\r\n\t});\r\n\te('.set-amount').keyup(function(){\r\n\t\tif(this.value!=this.value.replace(\/[^0-9\\.]\/g,'')){this.value=this.value.replace(\/[^0-9\\.]\/g,'')};var t=this.value;e('#amount_final1ead2917b4').val(t);\r\n\t});\r\n\t\r\n\te('#ron1ead2917b4').click(function(){e('#lam11ead2917b4').html(e('#am11ead2917b4').val()+' RON');e('#lam21ead2917b4').html(e('#am21ead2917b4').val()+' RON');e('#lam31ead2917b4').html(e('#am31ead2917b4').val()+' RON');e('#lam41ead2917b4').html(e('#am41ead2917b4').val()+' RON');e('#lam51ead2917b4').html('RON');});\r\n\te('#eur1ead2917b4').click(function(){e('#lam11ead2917b4').html(e('#am11ead2917b4').val()+' EUR');e('#lam21ead2917b4').html(e('#am21ead2917b4').val()+' EUR');e('#lam31ead2917b4').html(e('#am31ead2917b4').val()+' EUR');e('#lam41ead2917b4').html(e('#am41ead2917b4').val()+' EUR');e('#lam51ead2917b4').html('EUR');});\r\n\te('#usd1ead2917b4').click(function(){e('#lam11ead2917b4').html(e('#am11ead2917b4').val()+' USD');e('#lam21ead2917b4').html(e('#am21ead2917b4').val()+' USD');e('#lam31ead2917b4').html(e('#am31ead2917b4').val()+' USD');e('#lam41ead2917b4').html(e('#am41ead2917b4').val()+' USD');e('#lam51ead2917b4').html('USD');});\r\n\te('#gbp1ead2917b4').click(function(){e('#lam11ead2917b4').html(e('#am11ead2917b4').val()+' GBP');e('#lam21ead2917b4').html(e('#am21ead2917b4').val()+' GBP');e('#lam31ead2917b4').html(e('#am31ead2917b4').val()+' GBP');e('#lam41ead2917b4').html(e('#am41ead2917b4').val()+' GBP');e('#lam51ead2917b4').html('GBP');});\r\n\r\n});\r\n\t\r\n\tfunction rec_ch(el,instance,v){\r\n\t\tvar curr_list=['','RON','EUR','USD','GBP'];\r\n\t\tvar curr=jQuery('#ep-donate-'+instance).find('[name=curr]:checked').val();\r\n\t\tif(curr==undefined)curr=RON;\r\n\t\tif(v){\r\n\t\t\tjQuery('#ep-donate-30a1d2ace8').find('[name=curr]:checked').val()\r\n\t\t\tvar pval=[\"10\",\"25\",\"50\",\"100\"];\r\n\t\t\tfor(var i=1;i<=pval.length;i++){\r\n\t\t\t\tjQuery('#am'+i+instance).val(pval[i-1]);\r\n\t\t\t\tjQuery('#lam'+i+instance).html(pval[i-1]+' '+curr_list[curr]);\r\n\t\t\t}\r\n\t\t\tif(jQuery('#rec-select'+instance).find('[name=rd] > option').length>1){\r\n\t\t\t\tjQuery('#'+el+instance).show();\r\n\t\t\t}\r\n\t\t}else{\r\n\t\t\tjQuery('#'+el+instance).hide();\r\n\t\t\tvar rval=[\"10\",\"25\",\"50\",\"100\"];\r\n\t\t\tfor(var i=1;i<=rval.length;i++){\r\n\t\t\t\tjQuery('#am'+i+instance).val(rval[i-1]);\r\n\t\t\t\tjQuery('#lam'+i+instance).html(rval[i-1]+' '+curr_list[curr]);\r\n\t\t\t}\r\n\t\t\t\r\n\t\t}\r\n\t}\r\n\r\n\tfunction ep_donate_ajax(b,ins){\r\n\t\tif(jQuery(b).hasClass('epbloading')==false){\r\n\t\t\tjQuery(b).addClass('epbloading');\r\n\t\t\tjQuery.post(\".\/\", jQuery(\"#ep-donate-\"+ins).serialize(), function(data) {\r\n\t\t\t\tjQuery(b).removeClass('epbloading');\r\n\t\t\t\tvar data = JSON.parse(data);\r\n\t\t\t\tif(data.error!=undefined){\r\n\t\t\t\t\tjQuery('#ep-error-'+ins).css('display','block');\r\n\t\t\t\t\tjQuery('#ep-error-'+ins).text(data.error);\r\n\t\t\t\t}else if(data.success!=undefined){\r\n\t\t\t\t\twindow.location=data.success;\r\n\t\t\t\t}\r\n\t\t\t});\r\n\t\t}\r\n\t}\r\n\r\n<\/script>\r\n\r\n\t\r\n<form id=\"ep-donate-1ead2917b4\" method=\"post\" name=\"EuPlatesc\">\r\n\t<input id=\"amount_final1ead2917b4\" name=\"amount_final\" type=\"hidden\" value=\"10\"><p><\/p>\r\n\t<div class=\"donation-container\">\r\n\t\t<div class=\"donation-box\">\r\n\t\t\t<div class=\"ep_title\">Dona\u021bii cu cardul:<\/div>\r\n\t\t\t\r\n\t\t\t<div class=\"fields\">\r\n\t\t\t<input name=\"curr\" type=\"hidden\" value=\"RON\">\t\t\t\t<div class=\"switchx\">\r\n\t\t\t\t\t<input id=\"one-time1ead2917b4\" class=\"switchx-input\" checked=\"checked\" name=\"tip\" type=\"radio\" value=\"0\">\r\n\t\t\t\t\t<label onclick=\"rec_ch('rec-select','1ead2917b4',0)\" class=\"switchx-label switchx-label-off\" for=\"one-time1ead2917b4\">DOAR O DAT\u0102<\/label>\r\n\t\t\t\t\t<input id=\"monthly1ead2917b4\" class=\"switchx-input\" name=\"tip\" type=\"radio\" value=\"1\">\r\n\t\t\t\t\t<label onclick=\"rec_ch('rec-select','1ead2917b4',1)\" class=\"switchx-label switchx-label-on\" for=\"monthly1ead2917b4\">LUNAR<\/label>\r\n\t\t\t\t\t<div class=\"rec-select\" id=\"rec-select1ead2917b4\" style=\"display:none;\">\r\n\t\t\t\t\t\t<select name=\"rd\"><option value=\"12\">12 luni<\/option><\/select>\r\n\t\t\t\t\t<\/div>\r\n\t\t\t\t<\/div>\t\t\t\t<input id=\"fname\" name=\"nume\" type=\"text\" placeholder=\"Nume*\" required=\"\">\r\n\t\t\t\t<input id=\"lname\" name=\"prenume\" type=\"text\" placeholder=\"Prenume*\" required=\"\">\r\n\t\t\t\t<input id=\"email\" name=\"email\" type=\"text\" placeholder=\"Adres\u0103 de email*\" required=\"\">\r\n\t\t\t\t\t\t\t<\/div>\r\n\t\t\t<div class=\"amount\">\t\t\t\t<div class=\"ep_button ep_buttonjs1ead2917b4 selected\"><input id=\"am11ead2917b4\" name=\"amount_b\" type=\"radio\" value=\"10\" checked=\"checked\"><label for=\"am11ead2917b4\" id=\"lam11ead2917b4\">10 RON<\/label><\/div>\t\t\t\t<div class=\"ep_button ep_buttonjs1ead2917b4\"><input id=\"am21ead2917b4\" name=\"amount_b\" type=\"radio\" value=\"25\"><label for=\"am21ead2917b4\" id=\"lam21ead2917b4\">25 RON<\/label><\/div>\t\t\t\t<div class=\"ep_button ep_buttonjs1ead2917b4\"><input id=\"am31ead2917b4\" name=\"amount_b\" type=\"radio\" value=\"50\"><label for=\"am31ead2917b4\" id=\"lam31ead2917b4\">50 RON<\/label><\/div>\t\t\t\t<div class=\"ep_button ep_buttonjs1ead2917b4\"><input id=\"am41ead2917b4\" name=\"amount_b\" type=\"radio\" value=\"100\"><label for=\"am41ead2917b4\" id=\"lam41ead2917b4\">100 RON<\/label><\/div>\t\t\t\t<div class=\"ep_button ep_buttonjs1ead2917b4\"><input class=\"set-amount amount_custom\" name=\"amount_custom\" type=\"text\" value=\"\" placeholder=\"\"> <label id=\"lam51ead2917b4\">RON<\/label><\/div>\t\t\t<\/div>\r\n\t\t\t<p><input class=\"donate-button\" type=\"submit\" value=\"Doneaz\u0103 online\" onclick=\"ep_donate_ajax(this,'1ead2917b4');return false;\"><\/p>\r\n\t\t\t<div id='ep-error-1ead2917b4' class='ep_error' style='display:none;'><\/div>\r\n\t\t\t<input name='epajaxsend' value='1' type='hidden'\/>\t\t\r\n\t\t<\/div>\t\r\n\t\r\n\t<\/div>\r\n\t\r\n<\/form>\r\n \r\n <\/div>\n<\/div><\/div>\n\n\n\n<div class=\"wp-container-2 wp-block-group\"><div class=\"wp-block-group__inner-container\">\n<p><\/p>\n<\/div><\/div>\n<\/div>\n\n\n\n<div class=\"wp-block-column\" style=\"flex-basis:50%\">\n<p><\/p>\n\n\n\n<p><strong>Dona\u021bii \u00een Lei: &nbsp;<\/strong><\/p>\n\n\n\n<p>RO83BTRLRONCRT0582391401<br>RO84BRDE130SV54204831300<\/p>\n\n\n\n<p><strong>Dona\u021bii \u00een Euro:<\/strong><\/p>\n\n\n\n<p>RO33BTRLEURCRT0582391401<br>Cod swift BT: BTRLRO22XXX<br>RO48BRDE130SV54263751300<br>Cod swift BRD:&nbsp;BRDEROBUXXX<\/p>\n\n\n\n<p><strong>Dona\u021bii \u00een Dolari:<\/strong><\/p>\n\n\n\n<p>RO37BTRLUSDCRT0582391401<br>Cod swift BT: BTRLRO22XXX<br>RO44BRDE130SV54263831300<br>Cod swift BRD:&nbsp;BRDEROBUXXX<\/p>\n<\/div>\n<\/div>\n\n<!--themify_builder_content-->\n<div id=\"themify_builder_content-26\" data-postid=\"26\" class=\"themify_builder_content themify_builder_content-26 themify_builder tf_clear\">\n    \t<!-- module_row -->\n\t<div  data-lazy=\"1\" class=\"module_row themify_builder_row tb_h3nv276 tb_first tf_clearfix\" >\n\t    \t\t<div class=\"row_inner col_align_top col-count-2 tf_box tf_w tf_rel\">\n\t\t\t<div  data-lazy=\"1\" class=\"module_column tb-column col4-2 first tb_m60h277 tf_box\">\n\t\t\t    \t        <div class=\"tb-column-inner tf_box tf_w\">\n\t\t    <!-- module text -->\n<div  class=\"module module-text tb_3p2j277   \" data-lazy=\"1\">\n        <div  class=\"tb_text_wrap\">\n    <p style=\"text-align: center;\"><a href=\"https:\/\/www.paypal.com\/ro\/home\"><strong>PayPal: contact@funda\u021bia-doinacornea.ro<\/strong><\/a><\/p>    <\/div>\n<\/div>\n<!-- \/module text --><!-- module buttons -->\n<div  class=\"module module-buttons tb_bm1i385 buttons-horizontal solid  squared tf_textc\" data-lazy=\"1\">\n    \t<div class=\"module-buttons-item tf_inline_b\">\n\t\t\t\t\t\t\t<a href=\"https:\/\/www.paypal.com\/ro\/home\" class=\"ui builder_button black\" >\n\t\t\t\t\t\t\t\t\t\t\t<span class=\"tf_inline_b tf_vmiddle\">Doneaz\u0103 prin PayPal<\/span>\n\t\t\t\t\t\t\t\t\t\t\t<\/a>\n\t\t\t    \t<\/div>\n\t<\/div>\n<!-- \/module buttons -->\n<!-- module text -->\n<div  class=\"module module-text tb_b6na669   \" data-lazy=\"1\">\n        <div  class=\"tb_text_wrap\">\n    <p>Redirec\u021bioneaz\u0103 3,5% din impozitul pe venit <br\/> pentru Funda\u021bia Doina Cornea<\/p>\n    <\/div>\n<\/div>\n<!-- \/module text --><!-- module buttons -->\n<div  class=\"module module-buttons tb_mjk3972 buttons-horizontal solid  squared tf_textc\" data-lazy=\"1\">\n    \t<div class=\"module-buttons-item tf_inline_b\">\n\t\t\t\t\t\t\t<a href=\"https:\/\/redirectioneaza.ro\/fundatia-doina-cornea\" class=\"ui builder_button black\" target=\"_blank\" rel=\"noopener\">\n\t\t\t\t\t\t\t\t\t\t\t<span class=\"tf_inline_b tf_vmiddle\">C\u0103tre formular<\/span>\n\t\t\t\t\t\t\t\t\t\t\t<\/a>\n\t\t\t    \t<\/div>\n\t<\/div>\n<!-- \/module buttons -->\n\t        <\/div>\n\t    \t<\/div>\n\t\t<div  data-lazy=\"1\" class=\"module_column tb-column col4-2 last tb_8duu370 tf_box\">\n\t\t\t    \t<\/div>\n\t\t    <\/div>\n\t    <!-- \/row_inner -->\n\t<\/div>\n\t<!-- \/module_row -->\n\t<\/div>\n<!--\/themify_builder_content-->\n<!--themify_builder_content-->\n<div id=\"themify_builder_content-26\" data-postid=\"26\" class=\"themify_builder_content themify_builder_content-26 themify_builder tf_clear\">\n    \t<!-- module_row -->\n\t<div  data-lazy=\"1\" class=\"module_row themify_builder_row tb_h3nv276 tb_first tf_clearfix\" >\n\t    \t\t<div class=\"row_inner col_align_top col-count-2 tf_box tf_w tf_rel\">\n\t\t\t<div  data-lazy=\"1\" class=\"module_column tb-column col4-2 first tb_m60h277 tf_box\">\n\t\t\t    \t        <div class=\"tb-column-inner tf_box tf_w\">\n\t\t    <!-- module text -->\n<div  class=\"module module-text tb_3p2j277   \" data-lazy=\"1\">\n        <div  class=\"tb_text_wrap\">\n    <p style=\"text-align: center;\"><a href=\"https:\/\/www.paypal.com\/ro\/home\"><strong>PayPal: contact@funda\u021bia-doinacornea.ro<\/strong><\/a><\/p>    <\/div>\n<\/div>\n<!-- \/module text --><!-- module buttons -->\n<div  class=\"module module-buttons tb_bm1i385 buttons-horizontal solid  squared tf_textc\" data-lazy=\"1\">\n    \t<div class=\"module-buttons-item tf_inline_b\">\n\t\t\t\t\t\t\t<a href=\"https:\/\/www.paypal.com\/ro\/home\" class=\"ui builder_button black\" >\n\t\t\t\t\t\t\t\t\t\t\t<span class=\"tf_inline_b tf_vmiddle\">Doneaz\u0103 prin PayPal<\/span>\n\t\t\t\t\t\t\t\t\t\t\t<\/a>\n\t\t\t    \t<\/div>\n\t<\/div>\n<!-- \/module buttons -->\n<!-- module text -->\n<div  class=\"module module-text tb_b6na669   \" data-lazy=\"1\">\n        <div  class=\"tb_text_wrap\">\n    <p>Redirec\u021bioneaz\u0103 3,5% din impozitul pe venit <br\/> pentru Funda\u021bia Doina Cornea<\/p>\n    <\/div>\n<\/div>\n<!-- \/module text --><!-- module buttons -->\n<div  class=\"module module-buttons tb_mjk3972 buttons-horizontal solid  squared tf_textc\" data-lazy=\"1\">\n    \t<div class=\"module-buttons-item tf_inline_b\">\n\t\t\t\t\t\t\t<a href=\"https:\/\/redirectioneaza.ro\/fundatia-doina-cornea\" class=\"ui builder_button black\" target=\"_blank\" rel=\"noopener\">\n\t\t\t\t\t\t\t\t\t\t\t<span class=\"tf_inline_b tf_vmiddle\">C\u0103tre formular<\/span>\n\t\t\t\t\t\t\t\t\t\t\t<\/a>\n\t\t\t    \t<\/div>\n\t<\/div>\n<!-- \/module buttons -->\n\t        <\/div>\n\t    \t<\/div>\n\t\t<div  data-lazy=\"1\" class=\"module_column tb-column col4-2 last tb_8duu370 tf_box\">\n\t\t\t    \t<\/div>\n\t\t    <\/div>\n\t    <!-- \/row_inner -->\n\t<\/div>\n\t<!-- \/module_row -->\n\t<\/div>\n<!--\/themify_builder_content-->","protected":false},"excerpt":{"rendered":"<p>Sus\u0163ine \u015fi tu Funda\u0163ia Doina Cornea! Dona\u021bii \u00een Lei: &nbsp; RO83BTRLRONCRT0582391401RO84BRDE130SV54204831300 Dona\u021bii \u00een Euro: RO33BTRLEURCRT0582391401Cod swift BT: BTRLRO22XXXRO48BRDE130SV54263751300Cod swift BRD:&nbsp;BRDEROBUXXX Dona\u021bii \u00een Dolari: RO37BTRLUSDCRT0582391401Cod swift BT: BTRLRO22XXXRO44BRDE130SV54263831300Cod swift BRD:&nbsp;BRDEROBUXXX<\/p>\n","protected":false},"author":1,"featured_media":0,"parent":0,"menu_order":0,"comment_status":"closed","ping_status":"closed","template":"","meta":[],"builder_content":"<p style=\"text-align: center;\"><a href=\"https:\/\/www.paypal.com\/ro\/home\"><strong>PayPal: contact@funda\u021bia-doinacornea.ro<\/strong><\/a><\/p>\n<a href=\"https:\/\/www.paypal.com\/ro\/home\" > Doneaz\u0103 prin PayPal <\/a>\n<p>Redirec\u021bioneaz\u0103 3,5% din impozitul pe venit <br\/> pentru Funda\u021bia Doina Cornea<\/p>\n<a href=\"https:\/\/redirectioneaza.ro\/fundatia-doina-cornea\" target=\"_blank\" rel=\"noopener\"> C\u0103tre formular <\/a>","_links":{"self":[{"href":"https:\/\/editura-doinacornea.ro\/index.php\/wp-json\/wp\/v2\/pages\/26"}],"collection":[{"href":"https:\/\/editura-doinacornea.ro\/index.php\/wp-json\/wp\/v2\/pages"}],"about":[{"href":"https:\/\/editura-doinacornea.ro\/index.php\/wp-json\/wp\/v2\/types\/page"}],"author":[{"embeddable":true,"href":"https:\/\/editura-doinacornea.ro\/index.php\/wp-json\/wp\/v2\/users\/1"}],"replies":[{"embeddable":true,"href":"https:\/\/editura-doinacornea.ro\/index.php\/wp-json\/wp\/v2\/comments?post=26"}],"version-history":[{"count":58,"href":"https:\/\/editura-doinacornea.ro\/index.php\/wp-json\/wp\/v2\/pages\/26\/revisions"}],"predecessor-version":[{"id":4204,"href":"https:\/\/editura-doinacornea.ro\/index.php\/wp-json\/wp\/v2\/pages\/26\/revisions\/4204"}],"wp:attachment":[{"href":"https:\/\/editura-doinacornea.ro\/index.php\/wp-json\/wp\/v2\/media?parent=26"}],"curies":[{"name":"wp","href":"https:\/\/api.w.org\/{rel}","templated":true}]}}