{"id":3574,"date":"2020-06-04T19:36:44","date_gmt":"2020-06-04T19:36:44","guid":{"rendered":"https:\/\/editura-doinacornea.ro\/?page_id=3574"},"modified":"2020-06-04T19:36:45","modified_gmt":"2020-06-04T19:36:45","slug":"formular-sustinere","status":"publish","type":"page","link":"https:\/\/editura-doinacornea.ro\/index.php\/formular-sustinere\/","title":{"rendered":"Formular sus\u021binere"},"content":{"rendered":"<p><\/p>\n\n<!--themify_builder_content-->\n<div id=\"themify_builder_content-3574\" data-postid=\"3574\" class=\"themify_builder_content themify_builder_content-3574 themify_builder tf_clear\">\n    \t<!-- module_row -->\n\t<div  data-css_id=\"0keu473\" data-lazy=\"1\" class=\"module_row themify_builder_row fullwidth tb_0keu473 tb_first tf_clearfix\" >\n\t    \t\t<div class=\"row_inner col_align_top gutter-none col-count-1 tf_box tf_w tf_rel\"  data-basecol=\"1\" data-col_tablet=\"column-full\">\n\t\t\t<div  data-lazy=\"1\" class=\"module_column tb-column col-full first tb_tgqm473 tf_box\">\n\t\t\t    \t        <div class=\"tb-column-inner tf_box tf_w\">\n\t\t    \t<div  data-lazy=\"1\" class=\"module_subrow themify_builder_sub_row repeat tb_e09p474 tf_w tf_clearfix\">\n\t    \t\t<div class=\"subrow_inner col_align_top gutter-none col-count-1 tf_box tf_w\">\n\t\t\t<div  data-lazy=\"1\" class=\"sub_column module_column tf_box col-full first tb_kj26474 repeat\" > \n\t    \t    \t        <div class=\"tb-column-inner tf_box tf_w\">\n\t\t    <!-- module image -->\n<div  class=\"module module-image tb_s93q273   image-overlay tf_mw\" data-lazy=\"1\">\n        <div class=\"image-wrap tf_rel tf_mw\">\n\t\t    <img loading=\"lazy\" width=\"2667\" height=\"834\" src=\"https:\/\/editura-doinacornea.ro\/wp-content\/uploads\/2020\/05\/Banner-Ana-Blandiana-2.png\" class=\"wp-post-image wp-image-3545\" title=\"Banner Ana Blandiana\" alt=\"Banner Ana Blandiana\" srcset=\"https:\/\/editura-doinacornea.ro\/wp-content\/uploads\/2020\/05\/Banner-Ana-Blandiana-2.png 2667w, https:\/\/editura-doinacornea.ro\/wp-content\/uploads\/2020\/05\/Banner-Ana-Blandiana-2-300x94.png 300w, https:\/\/editura-doinacornea.ro\/wp-content\/uploads\/2020\/05\/Banner-Ana-Blandiana-2-1024x320.png 1024w, https:\/\/editura-doinacornea.ro\/wp-content\/uploads\/2020\/05\/Banner-Ana-Blandiana-2-768x240.png 768w, https:\/\/editura-doinacornea.ro\/wp-content\/uploads\/2020\/05\/Banner-Ana-Blandiana-2-1536x480.png 1536w, https:\/\/editura-doinacornea.ro\/wp-content\/uploads\/2020\/05\/Banner-Ana-Blandiana-2-2048x640.png 2048w, https:\/\/editura-doinacornea.ro\/wp-content\/uploads\/2020\/05\/Banner-Ana-Blandiana-2-600x188.png 600w\" sizes=\"(max-width: 2667px) 100vw, 2667px\" \/>\t\n\t\n    \t\t\t<\/div>\n\t\t<!-- \/image-wrap -->\n\t<\/div>\n<!-- \/module image -->\t        <\/div>\n\t    \t<\/div>\n\t\t    <\/div>\n\t<\/div><!-- \/themify_builder_sub_row -->\n\t\t        <\/div>\n\t    \t<\/div>\n\t\t    <\/div>\n\t    <!-- \/row_inner -->\n\t<\/div>\n\t<!-- \/module_row -->\n\t<\/div>\n<!--\/themify_builder_content-->\n\n\n<hr class=\"wp-block-separator\"\/>\n\n\n\n<p class=\"has-text-align-center\"><strong>Un proiect su\u021binut:<\/strong><\/p>\n\n\n\n<div class=\"wp-block-image\"><figure class=\"aligncenter size-full is-resized\"><a href=\"https:\/\/www.iordachescu-law.ro\"><img loading=\"lazy\" src=\"https:\/\/editura-doinacornea.ro\/wp-content\/uploads\/2019\/11\/Logo-Iordachescu.jpg\" alt=\"\" class=\"wp-image-117\" width=\"288\" height=\"95\" srcset=\"https:\/\/editura-doinacornea.ro\/wp-content\/uploads\/2019\/11\/Logo-Iordachescu.jpg 2009w, https:\/\/editura-doinacornea.ro\/wp-content\/uploads\/2019\/11\/Logo-Iordachescu-1024x340-300x99.jpg 300w, https:\/\/editura-doinacornea.ro\/wp-content\/uploads\/2019\/11\/Logo-Iordachescu-768x255.jpg 768w, https:\/\/editura-doinacornea.ro\/wp-content\/uploads\/2019\/11\/Logo-Iordachescu-1024x340.jpg 1024w, https:\/\/editura-doinacornea.ro\/wp-content\/uploads\/2019\/11\/Logo-Iordachescu-600x200.jpg 600w, https:\/\/editura-doinacornea.ro\/wp-content\/uploads\/2019\/11\/Logo-Iordachescu-1024x340-350x116.jpg 350w\" sizes=\"(max-width: 288px) 100vw, 288px\" \/><\/a><\/figure><\/div>\n\n\n\n<p><\/p>\n\n\n\n<hr class=\"wp-block-separator\"\/>\n\n\n\n<h4 class=\"has-text-align-center\">Completeaz\u0103 formularul \u0219i \u0219us\u0163ine candidatura doamnei<br>Ana Blandiana la Premiul Nobel pentru Literatur\u0103 2021:<\/h4>\n\n\n<div class=\"wpforms-container wpforms-container-full\" id=\"wpforms-3437\"><form id=\"wpforms-form-3437\" class=\"wpforms-validate wpforms-form\" data-formid=\"3437\" method=\"post\" enctype=\"multipart\/form-data\" action=\"\/index.php\/wp-json\/wp\/v2\/pages\/3574\"><noscript class=\"wpforms-error-noscript\">Please enable JavaScript in your browser to complete this form.<\/noscript><div class=\"wpforms-field-container\"><div id=\"wpforms-3437-field_6-container\" class=\"wpforms-field wpforms-field-checkbox\" data-field-id=\"6\"><label class=\"wpforms-field-label\" for=\"wpforms-3437-field_6\">Acord <span class=\"wpforms-required-label\">*<\/span><\/label><ul id=\"wpforms-3437-field_6\" class=\"wpforms-field-required\"><li class=\"choice-1 depth-1\"><input type=\"checkbox\" id=\"wpforms-3437-field_6_1\" name=\"wpforms[fields][6][]\" value=\"Trimi\u0163\u00e2nd acest formular \u00eemi exprim acordul deplin \u015fi m\u0103 asociez ac\u0163iunii Funda\u0163iei Doina Cornea de a o propune pe Ana Blandiana \u2013 candidat la Premiul Nobel pentru Literatur\u0103 pe anul 2021\" required ><label class=\"wpforms-field-label-inline\" for=\"wpforms-3437-field_6_1\">Trimi\u0163\u00e2nd acest formular \u00eemi exprim acordul deplin \u015fi m\u0103 asociez ac\u0163iunii Funda\u0163iei Doina Cornea de a o propune pe Ana Blandiana \u2013 candidat la Premiul Nobel pentru Literatur\u0103 pe anul 2021<\/label><\/li><\/ul><\/div><div id=\"wpforms-3437-field_0-container\" class=\"wpforms-field wpforms-field-name\" data-field-id=\"0\"><label class=\"wpforms-field-label\" for=\"wpforms-3437-field_0\">Prenume \u0219i Nume <span class=\"wpforms-required-label\">*<\/span><\/label><input type=\"text\" id=\"wpforms-3437-field_0\" class=\"wpforms-field-medium wpforms-field-required\" name=\"wpforms[fields][0]\" required><\/div><div id=\"wpforms-3437-field_3-container\" class=\"wpforms-field wpforms-field-name\" data-field-id=\"3\"><label class=\"wpforms-field-label\" for=\"wpforms-3437-field_3\">Persoan\u0103 juridic\u0103 \/ CUI (pentru firme \/ asocia\u021bii)<\/label><input type=\"text\" id=\"wpforms-3437-field_3\" class=\"wpforms-field-medium\" name=\"wpforms[fields][3]\" ><\/div><div id=\"wpforms-3437-field_4-container\" class=\"wpforms-field wpforms-field-name\" data-field-id=\"4\"><label class=\"wpforms-field-label\" for=\"wpforms-3437-field_4\">Adresa po\u0219tal\u0103 (nu se va publica) <span class=\"wpforms-required-label\">*<\/span><\/label><input type=\"text\" id=\"wpforms-3437-field_4\" class=\"wpforms-field-medium wpforms-field-required\" name=\"wpforms[fields][4]\" required><\/div><div id=\"wpforms-3437-field_1-container\" class=\"wpforms-field wpforms-field-email\" data-field-id=\"1\"><label class=\"wpforms-field-label\" for=\"wpforms-3437-field_1\">Email <span class=\"wpforms-required-label\">*<\/span><\/label><input type=\"email\" id=\"wpforms-3437-field_1\" class=\"wpforms-field-medium wpforms-field-required\" name=\"wpforms[fields][1]\" required><\/div><div id=\"wpforms-3437-field_2-container\" class=\"wpforms-field wpforms-field-textarea\" data-field-id=\"2\"><label class=\"wpforms-field-label\" for=\"wpforms-3437-field_2\">Un mesaj de su\u021binere pentru Ana Blandiana<\/label><textarea id=\"wpforms-3437-field_2\" class=\"wpforms-field-medium\" name=\"wpforms[fields][2]\" ><\/textarea><\/div><div id=\"wpforms-3437-field_8-container\" class=\"wpforms-field wpforms-field-checkbox\" data-field-id=\"8\"><label class=\"wpforms-field-label\" for=\"wpforms-3437-field_8\">GDPR <span class=\"wpforms-required-label\">*<\/span><\/label><ul id=\"wpforms-3437-field_8\" class=\"wpforms-field-required\"><li class=\"choice-1 depth-1\"><input type=\"checkbox\" id=\"wpforms-3437-field_8_1\" name=\"wpforms[fields][8][]\" value=\"\u00cen contextul legislativ existent (GDPR) \u00eemi exprim acordul ca datele personale pe care le voi oferi s\u0103 fie gestionate \u0219i prelucrate de c\u0103tre Funda\u021bia Doina Cornea pentru sus\u021binerea doamnei Ana Blandiana pentru Premiul Nobel pentru Literatur\u0103 2021.\" required ><label class=\"wpforms-field-label-inline\" for=\"wpforms-3437-field_8_1\">\u00cen contextul legislativ existent (GDPR) \u00eemi exprim acordul ca datele personale pe care le voi oferi s\u0103 fie gestionate \u0219i prelucrate de c\u0103tre Funda\u021bia Doina Cornea pentru sus\u021binerea doamnei Ana Blandiana pentru Premiul Nobel pentru Literatur\u0103 2021.<\/label><\/li><\/ul><\/div><\/div><div class=\"wpforms-field wpforms-field-hp\"><label for=\"wpforms-3437-field-hp\" class=\"wpforms-field-label\">Message<\/label><input type=\"text\" name=\"wpforms[hp]\" id=\"wpforms-3437-field-hp\" class=\"wpforms-field-medium\"><\/div><div class=\"wpforms-submit-container\" ><input type=\"hidden\" name=\"wpforms[id]\" value=\"3437\"><input type=\"hidden\" name=\"wpforms[author]\" value=\"1\"><button type=\"submit\" name=\"wpforms[submit]\" class=\"wpforms-submit \" id=\"wpforms-submit-3437\" value=\"wpforms-submit\" aria-live=\"assertive\" data-alt-text=\"Se trimite...\" data-submit-text=\"Trimite\">Trimite<\/button><\/div><\/form><\/div>  <!-- .wpforms-container -->\n\n\n<p>Ap\u0103sa\u021bi butonul <strong>Trimite<\/strong> pentru a finaliza \u00eenregistrarea semn\u0103turii dumneavoastr\u0103. \u00cen cazul \u00een care datele au fost corect introduse ve\u021bi primi un mesaj de confirmare pe adresa dumneavoastr\u0103 de email. \u00cen cazul \u00een care nu primi\u021bi \u00een c\u00e2teva minute mesajul, v\u0103 rug\u0103m s\u0103 reintroduce\u021bi corect datele sau s\u0103 ne trimite\u021bi un mesaj la adresa contact@fundatia-doinacornea.ro.<\/p>","protected":false},"excerpt":{"rendered":"<p>Un proiect su\u021binut: Completeaz\u0103 formularul \u0219i \u0219us\u0163ine candidatura doamneiAna Blandiana la Premiul Nobel pentru Literatur\u0103 2021: Ap\u0103sa\u021bi butonul Trimite pentru a finaliza \u00eenregistrarea semn\u0103turii dumneavoastr\u0103. \u00cen cazul \u00een care datele au fost corect introduse ve\u021bi primi un mesaj de confirmare pe adresa dumneavoastr\u0103 de email. \u00cen cazul \u00een care nu primi\u021bi \u00een c\u00e2teva minute mesajul, [&hellip;]<\/p>\n","protected":false},"author":1,"featured_media":0,"parent":0,"menu_order":0,"comment_status":"closed","ping_status":"closed","template":"","meta":[],"builder_content":"<img loading=\"lazy\" width=\"2667\" height=\"834\" src=\"data:image\/svg+xml;base64,PHN2ZyB2aWV3Qm94PSIwIDAgMjY2NyA4MzQiIHdpZHRoPSIyNjY3IiBoZWlnaHQ9IjgzNCIgZGF0YS11PSJodHRwcyUzQSUyRiUyRmVkaXR1cmEtZG9pbmFjb3JuZWEucm8lMkZ3cC1jb250ZW50JTJGdXBsb2FkcyUyRjIwMjAlMkYwNSUyRkJhbm5lci1BbmEtQmxhbmRpYW5hLTIucG5nIiBkYXRhLXc9IjI2NjciIGRhdGEtaD0iODM0IiB4bWxucz0iaHR0cDovL3d3dy53My5vcmcvMjAwMC9zdmciPjwvc3ZnPg==\" data-spai=\"1\" title=\"Banner Ana Blandiana\" alt=\"Banner Ana Blandiana\"   sizes=\"(max-width: 2667px) 100vw, 2667px\" \/>","_links":{"self":[{"href":"https:\/\/editura-doinacornea.ro\/index.php\/wp-json\/wp\/v2\/pages\/3574"}],"collection":[{"href":"https:\/\/editura-doinacornea.ro\/index.php\/wp-json\/wp\/v2\/pages"}],"about":[{"href":"https:\/\/editura-doinacornea.ro\/index.php\/wp-json\/wp\/v2\/types\/page"}],"author":[{"embeddable":true,"href":"https:\/\/editura-doinacornea.ro\/index.php\/wp-json\/wp\/v2\/users\/1"}],"replies":[{"embeddable":true,"href":"https:\/\/editura-doinacornea.ro\/index.php\/wp-json\/wp\/v2\/comments?post=3574"}],"version-history":[{"count":3,"href":"https:\/\/editura-doinacornea.ro\/index.php\/wp-json\/wp\/v2\/pages\/3574\/revisions"}],"predecessor-version":[{"id":3577,"href":"https:\/\/editura-doinacornea.ro\/index.php\/wp-json\/wp\/v2\/pages\/3574\/revisions\/3577"}],"wp:attachment":[{"href":"https:\/\/editura-doinacornea.ro\/index.php\/wp-json\/wp\/v2\/media?parent=3574"}],"curies":[{"name":"wp","href":"https:\/\/api.w.org\/{rel}","templated":true}]}}