{"id":3590,"date":"2020-06-12T14:22:20","date_gmt":"2020-06-12T14:22:20","guid":{"rendered":"https:\/\/editura-doinacornea.ro\/?page_id=3590"},"modified":"2020-06-30T13:54:05","modified_gmt":"2020-06-30T13:54:05","slug":"sustine-candidatura-doamnei-ana-blandiana-la-premiul-nobel-pentru-literatura-pe-anul-2020","status":"publish","type":"page","link":"https:\/\/editura-doinacornea.ro\/index.php\/sustine-candidatura-doamnei-ana-blandiana-la-premiul-nobel-pentru-literatura-pe-anul-2020\/","title":{"rendered":"Sus\u0163ine candidatura doamnei Ana Blandiana la Premiul Nobel pentru literatur\u0103 pe anul 2020 &#8211; FR"},"content":{"rendered":"<p><\/p>\n\n<!--themify_builder_content-->\n<div id=\"themify_builder_content-3590\" data-postid=\"3590\" class=\"themify_builder_content themify_builder_content-3590 themify_builder tf_clear\">\n    \t<!-- module_row -->\n\t<div  data-css_id=\"0keu473\" data-lazy=\"1\" class=\"module_row themify_builder_row fullwidth tb_0keu473 tb_first tf_clearfix\" >\n\t    \t\t<div class=\"row_inner col_align_top gutter-none col-count-1 tf_box tf_w tf_rel\"  data-basecol=\"1\" data-col_tablet=\"column-full\">\n\t\t\t<div  data-lazy=\"1\" class=\"module_column tb-column col-full first tb_tgqm473 tf_box\">\n\t\t\t    \t        <div class=\"tb-column-inner tf_box tf_w\">\n\t\t    \t<div  data-lazy=\"1\" class=\"module_subrow themify_builder_sub_row repeat tb_e09p474 tf_w tf_clearfix\">\n\t    \t\t<div class=\"subrow_inner col_align_top gutter-none col-count-1 tf_box tf_w\">\n\t\t\t<div  data-lazy=\"1\" class=\"sub_column module_column tf_box col-full first tb_kj26474 repeat\" > \n\t    \t    \t        <div class=\"tb-column-inner tf_box tf_w\">\n\t\t    <!-- module image -->\n<div  class=\"module module-image tb_s93q273   image-overlay tf_mw\" data-lazy=\"1\">\n        <div class=\"image-wrap tf_rel tf_mw\">\n\t\t    <img loading=\"lazy\" width=\"2667\" height=\"834\" src=\"https:\/\/editura-doinacornea.ro\/wp-content\/uploads\/2020\/05\/Banner-Ana-Blandiana-2.png\" class=\"wp-post-image wp-image-3545\" title=\"Banner Ana Blandiana\" alt=\"Banner Ana Blandiana\" srcset=\"https:\/\/editura-doinacornea.ro\/wp-content\/uploads\/2020\/05\/Banner-Ana-Blandiana-2.png 2667w, https:\/\/editura-doinacornea.ro\/wp-content\/uploads\/2020\/05\/Banner-Ana-Blandiana-2-300x94.png 300w, https:\/\/editura-doinacornea.ro\/wp-content\/uploads\/2020\/05\/Banner-Ana-Blandiana-2-1024x320.png 1024w, https:\/\/editura-doinacornea.ro\/wp-content\/uploads\/2020\/05\/Banner-Ana-Blandiana-2-768x240.png 768w, https:\/\/editura-doinacornea.ro\/wp-content\/uploads\/2020\/05\/Banner-Ana-Blandiana-2-1536x480.png 1536w, https:\/\/editura-doinacornea.ro\/wp-content\/uploads\/2020\/05\/Banner-Ana-Blandiana-2-2048x640.png 2048w, https:\/\/editura-doinacornea.ro\/wp-content\/uploads\/2020\/05\/Banner-Ana-Blandiana-2-600x188.png 600w\" sizes=\"(max-width: 2667px) 100vw, 2667px\" \/>\t\n\t\n    \t\t\t<\/div>\n\t\t<!-- \/image-wrap -->\n\t<\/div>\n<!-- \/module image -->\t        <\/div>\n\t    \t<\/div>\n\t\t    <\/div>\n\t<\/div><!-- \/themify_builder_sub_row -->\n\t\t        <\/div>\n\t    \t<\/div>\n\t\t    <\/div>\n\t    <!-- \/row_inner -->\n\t<\/div>\n\t<!-- \/module_row -->\n\t\t<!-- module_row -->\n\t<div  data-lazy=\"1\" class=\"module_row themify_builder_row tb_cwmz713 tf_clearfix\" >\n\t    \t\t<div class=\"row_inner col_align_top col-count-1 tf_box tf_w tf_rel\">\n\t\t\t<div  data-lazy=\"1\" class=\"module_column tb-column col-full first tb_q0yf713 tf_box\">\n\t\t\t    \t        <div class=\"tb-column-inner tf_box tf_w\">\n\t\t    <!-- module buttons -->\n<div  class=\"module module-buttons tb_sgzf780 buttons-horizontal outline  circle tf_textc\" data-lazy=\"1\">\n    \t<div class=\"module-buttons-item tf_inline_b\">\n\t\t\t\t\t\t\t<a href=\"https:\/\/editura-doinacornea.ro\/index.php\/formular-sustinere\/\" class=\"ui builder_button black\" >\n\t\t\t\t\t\t\t\t\t\t\t<span class=\"tf_inline_b tf_vmiddle\">Semneaz\u0103 \u0219i tu!<\/span>\n\t\t\t\t\t\t\t\t\t\t\t<\/a>\n\t\t\t    \t<\/div>\n\t<\/div>\n<!-- \/module buttons -->\n\t        <\/div>\n\t    \t<\/div>\n\t\t    <\/div>\n\t    <!-- \/row_inner -->\n\t<\/div>\n\t<!-- \/module_row -->\n\t<\/div>\n<!--\/themify_builder_content-->\n\n\n<hr class=\"wp-block-separator\"\/>\n\n\n\n<h2 class=\"has-text-align-center\">APPEL<\/h2>\n\n\n\n<p>&nbsp;&nbsp;&nbsp;&nbsp;&nbsp;&nbsp;&nbsp;&nbsp;Parce que la Roumanie a encore des valeurs et que celles-ci doivent \u00eatre connues et respect\u00e9es \u2013 tant \u00e0 l&#8217;\u00e9chelle nationale qu&#8217;internationale \u2013, la Fondation Doina Cornea, ainsi que les personnalit\u00e9s marquantes de la vie litt\u00e9raire, culturelle de la Roumanie et sa diaspora, \u00e0 l&#8217;initiative de Gabriel Cojocaru, propose et soutient la candidature de Madame Ana Blandiana au Prix Nobel de litt\u00e9rature de l&#8217;ann\u00e9e 2021.<\/p>\n\n\n\n<p>&nbsp;&nbsp;&nbsp;&nbsp;&nbsp;&nbsp;&nbsp;&nbsp;Outre l&#8217;allergie que certains groupes minoritaires ou d&#8217;int\u00e9r\u00eats internes, bien souvent d&#8217;ordre politique, peuvent avoir \u00e0 l&#8217;encontre de tout ce qui d\u00e9passe leurs principes, notre d\u00e9marche est celle de r\u00e9actualiser la l\u00e9gitimit\u00e9 de vraies valeurs \u2013 gr\u00e2ce \u00e0 la visibilit\u00e9 internationale dans le monde de la litt\u00e9rature contemporaine \u2013 et par l\u00e0 accomplir un acte de justice plus que n\u00e9cessaire aujourd&#8217;hui.<\/p>\n\n\n\n<p><strong>&nbsp;&nbsp;&nbsp;&nbsp;&nbsp;&nbsp;&nbsp;&nbsp;<\/strong>Nous vous invitons \u00e0 soutenir cette cause \u2013 que vous soyez une personne physique, une institution, une organisation ou une soci\u00e9t\u00e9 \u2013 en signant apr\u00e8s avoir pris connaissance des motifs et arguments qui ont d\u00e9termin\u00e9 cette d\u00e9marche.<\/p>\n\n\n\n<p>&nbsp;&nbsp;&nbsp;&nbsp;&nbsp;&nbsp;&nbsp;&nbsp;Dans toute l&#8217;acception du terme, cette action qui est la n\u00f4tre peut s&#8217;esquisser comme un projet national, partag\u00e9 par le plus grand nombre de personnes qui aiment la culture roumaine mais aussi la Roumanie comme pays !<\/p>\n\n\n\n<p><strong>&nbsp;&nbsp;&nbsp;&nbsp;&nbsp;&nbsp;&nbsp;&nbsp;<\/strong>Ana Blandiana (conform\u00e9ment \u00e0 son pseudonyme) &#8211; ou Otilia-Valeria Rusan, n\u00e9e Coman \u2013 a vu le jour \u00e0 Timisoara le 25 mars 1942. Fille du pr\u00eatre Gheorghe Coman et de Otilia Coman, n\u00e9e Diacu, elle s&#8217;est mari\u00e9e avec Romulus Rusan, Elle est dipl\u00f4m\u00e9e de la Facult\u00e9 de Philologie de l&#8217;Universit\u00e9 de Babes Bolyai de Cluj (1963-1967). Elle obtient plusieurs bourses d&#8217;\u00e9tude \u00e0 l&#8217;\u00e9tranger, dont une \u00e0 l&#8217;Universit\u00e9 d&#8217;Iowa aux Etats-Unis (1973-1974), \u00e0 l&#8217;Universit\u00e9 de Heidelberg (1991) ou encore D.A.A.D. \u00e0 Berlin (1993).<\/p>\n\n\n\n<p>Elle a \u00e9t\u00e9 successivement:<\/p>\n\n\n\n<p>\u2022 R\u00e9dactrice pour la revue \u00ab Amfiteatru \u00bb (1967-1974);<br>\u2022 Biblioth\u00e9caire \u00e0 la biblioth\u00e8que de l&#8217;Institut des Arts Plastiques de Bucarest (1975-1977) ;<br>\u2022 Membre du Conseil du Front de Sauvegarde Nationale (22 d\u00e9cembre 1989 au 29 janvier<br>1990, lorsqu&#8217;elle donne sa d\u00e9mission, cet organisme devenant politique);<br>\u2022 Pr\u00e9sidente du Club PEN (Poetry Essay and Novel) Roumain (1990-2004) qu&#8217;elle a refond\u00e9<br>en mars 1990;<br>\u2022 Pr\u00e9sidente d&#8217;honneur du Club PEN Roumain (depuis 2004);<\/p>\n\n\n\n<p>&nbsp;&nbsp;&nbsp;&nbsp;&nbsp;&nbsp;&nbsp;&nbsp;En tant que Pr\u00e9sidente du PEN:<\/p>\n\n\n\n<p>\u2022 Elle a particip\u00e9 aux Conf\u00e9rences et Congr\u00e8s du PEN International \u00e0 Vienne (1990), Paris<br>(1991), Saint Jacques de Compostelle (1992), Prague (1994), Guadalajara, Mexique (1996),Edimbourg (1997), Varsovie (1999), Moscou (2000), Ohrid (2002);<br>\u2022 Elle a organis\u00e9 quatre conf\u00e9rences internationales et r\u00e9gionales en Roumanie : \u00ab L&#8217;Ecrivain et le Pouvoir \u00bb &#8211; Neptun, sept. 1997 ; \u00ab Entre libert\u00e9 physique et libert\u00e9 spirituelle \u00bb, Sighet, juin 1998 ; \u00ab Plusieurs litt\u00e9rature, une langue, plusieurs langues, une litt\u00e9rature \u00bb, Iasi, avril 2000 ; \u00ab Les Clubs PEN europ\u00e9ens, arguments pour une future Europe Unie \u00bb, Sinaia, juillet 2001.<\/p>\n\n\n\n<p><strong>Interdictions<\/strong><\/p>\n\n\n\n<p>&nbsp;&nbsp;&nbsp;&nbsp;&nbsp;&nbsp;&nbsp;&nbsp;Apr\u00e8s ses d\u00e9buts dans le domaine litt\u00e9raire pour la Revue Tribuna (1959), Ana Blandiana a \u00e9t\u00e9 soumise \u00e0 trois interdictions de publications:<\/p>\n\n\n\n<p>\u2022 1959-1964 : en tant que fille d&#8217;un ancien d\u00e9tenu politique ;<br>\u20221985: pour la publication de quatre po\u00e9sies dans la Revue Amfiteatru. Suite \u00e0 cette interdiction, les po\u00e9sies ont \u00e9t\u00e9 distribu\u00e9es r\u00e9dig\u00e9es \u00e0 la main ; ce fut l&#8217;un des premiers cas de samizdat en Roumanie ;<br>\u2022 1988-1989 : pour la publication d&#8217;une parodie contre le dictateur Nicolae Ceaucescu sous la forme de po\u00e9sies pour enfants.<\/p>\n\n\n\n<p><strong>Activit\u00e9 internationale<\/strong><\/p>\n\n\n\n<p>&nbsp;&nbsp;&nbsp;&nbsp;&nbsp;&nbsp;&nbsp;&nbsp;Au fil des ans, r\u00e9guli\u00e8rement invit\u00e9e par les universit\u00e9s, acad\u00e9mies, organismes culturels, etc., Ana Blandiana a beaucoup voyag\u00e9, surtout en Europe, dans le cadre de la recherche et d&#8217;\u00e9tudes sp\u00e9cifiques. Elle a ainsi soutenu de nombreuses lectures publiques et conf\u00e9rences, participant \u00e0 des r\u00e9unions, congr\u00e8s ou festivals autour de la po\u00e9sie.<\/p>\n\n\n\n<p>&nbsp;&nbsp;&nbsp;&nbsp;&nbsp;&nbsp;&nbsp;&nbsp;Elle a publi\u00e9 une quarantaine d&#8217;ouvrages, parmi lesquels des recueils de po\u00e9sies, de la prose, des essais ainsi que de la litt\u00e9rature pour enfants.<\/p>\n\n\n\n<p>&nbsp;&nbsp;&nbsp;&nbsp;    Sa cr\u00e9ation litt\u00e9raire a \u00e9t\u00e9 traduite dans vingt-cinq langues : albanais, allemand, anglais, bulgare, catalan, chinois, cor\u00e9en, espagnol, estonien, fran\u00e7ais, h\u00e9breu, hollandais, hongrois, italien, letton, mac\u00e9donien, norv\u00e9gien, polonais, portugais, quechua (p\u00e9ruvien), russe, serbe, slov\u00e8ne, su\u00e9dois et vietnamien.<\/p>\n\n\n\n<p>Entre 1969 et 20202, elle obtient des prix de renomm\u00e9e sur le plan national et international:<\/p>\n\n\n\n<p>1969 &#8211; Prix de la po\u00e9sie de l&#8217;Union des Ecrivains de Roumanie; 1970 &#8211; Prix de la po\u00e9sie de l&#8217;Acad\u00e9mie roumaine; 1980 &#8211; Prix pour la litt\u00e9rature pour enfants de l&#8217;Union des Ecrivains de Roumanie; 1980 &#8211; Prix de la prose de l&#8217;Association des Ecrivains de Bucarest; 1982 &#8211; Prix international \u00ab Herder \u00bb de Vienne, Autriche; 1997 &#8211; Prix national de po\u00e9sie \u00ab Mihai Eminescu \u00bb, Roumanie; 2000 &#8211; Prix de la po\u00e9sie de l&#8217;Union des Ecrivains de Roumanie; 2002 &#8211; Prix international Vilenica, Slov\u00e9nie; 2002 &#8211; Prix \u00ab Opera Omnia \u00bb de l&#8217;Union des Ecrivains de Roumanie; 2005 &#8211; Prix international de la po\u00e9sie \u00ab Giuseppe Acerbi \u00bb, Italie; 2005 &#8211; Prix international de la po\u00e9sie de Camaiore, Italie; 2007 &#8211; Prix international de la po\u00e9sie de Aquila, Italie; 2007 &#8211; Grand Prix du Festival International Lucian Blaga, Edition XXVII, Roumanie; 2014 &#8211; Prix de la Revue Observator Cultural pentru Memorialistica, Roumanie; 2014 &#8211; Prix \u00ab Opera Omnia \u00bb de la Revue Convorbiri literare, Edition XVIII, Iasi, Roumanie; 2016 &#8211; Distinction et Prix du \u00ab Po\u00e8te Europ\u00e9en de la Libert\u00e9 \u00bb, Gdansk, Pologne; 2016 &#8211; Grand Prix \u00ab Fest Lit \u00bb, Cluj Napoca; 2017 &#8211; Prix \u00ab Gheorghe Craciun\u00bbpour \u00ab Opera Omnia \u00bb de la Revue Observator Cultural, Roumanie; 2018 &#8211; Griffin Lifetime Recognition Award, Toronto; 2019 &#8211; \u00ab Guirlande d&#8217;or \u00bb, Struga, Pologne; 2019 &#8211; Prix \u00ab Jan Smrek, Bratislava, Slovaquie; 2019 &#8211; Prix National \u00ab Lucian Blaga \u00bb, Roumanie; 2020 &#8211; Prix International \u00ab Fondazione Terzo Pilastro \u00bb, Rome, Italie.<\/p>\n\n\n\n<p><strong>Aussi, nous vous prions de bien vouloir contribuer, vous aussi, \u00e0 ce projet. Vous pouvez<br>soutenir Ana Blandiana en apposant votre signature sur le site de la Fondation Doina Cornea (cf lien ci-dessous) avec la possibilit\u00e9 d&#8217;y joindre un texte de soutien \u00e0 la candidature de Madame Ana Blandiana, adress\u00e9 \u00e0 l&#8217;Acad\u00e9mie su\u00e9doise et au Comit\u00e9 du Prix Nobel, \u00e0 l&#8217;adresse de la Fondation Doina Cornea :<\/strong><\/p>\n\n\n\n<p class=\"has-text-align-center\"><strong>Strada Alba Iulia nr. 16<br>400197 Cluj,&nbsp;<br>Roumanie<\/strong><\/p>\n\n\n\n<p>&nbsp;&nbsp;&nbsp;&nbsp;&nbsp;&nbsp;&nbsp;&nbsp;Une s\u00e9lection des textes sera publi\u00e9e sur le site de la Fondation Doina Cornea, et la totalit\u00e9 des textes ainsi qu&#8217;une liste avec les signatures accompagneront le mat\u00e9riel \u00e0 l&#8217;aide duquel se fera notre proposition au Comit\u00e9 du Prix Nobel.<\/p>\n\n\n\n<p>&nbsp;&nbsp;&nbsp;&nbsp;&nbsp;&nbsp;&nbsp;&nbsp;Vos donn\u00e9es personnelles resteront n\u00e9anmoins purement confidentielles (adresse, mail, etc.):<\/p>\n\n\n\n<ul><li>Pour suivre ne temps r\u00e9el nos d\u00e9marches, n&#8217;h\u00e9sitez pas \u00e0 visiter r\u00e9guli\u00e8rement le site de la Fondation Doina Cornea ou cliquez sur J&#8217;aime pour suivre notre page Facebook: <a href=\"https:\/\/www.facebook.com\/fundatia.doinacornea\/\">ici!<\/a><\/li><li>Enfin, nous vous serions tr\u00e8s reconnaissants de partager au maximum cet appel.<\/li><\/ul>\n\n\n\n<p><strong>Cluj, le 27 mai 2020,<\/strong><\/p>\n\n\n\n<p><strong>Leontin Iuhas, pour la Fondation Doina Cornea.<\/strong><\/p>\n\n\n\n<p class=\"has-text-align-center\"><strong>Un projet soutenu par<\/strong>:<\/p>\n\n\n\n<div class=\"wp-block-image\"><figure class=\"aligncenter size-full is-resized\"><a href=\"https:\/\/www.iordachescu-law.ro\" target=\"_blank\" rel=\"noopener noreferrer\"><img loading=\"lazy\" src=\"https:\/\/editura-doinacornea.ro\/wp-content\/uploads\/2019\/11\/Logo-Iordachescu.jpg\" alt=\"\" class=\"wp-image-117\" width=\"273\" height=\"91\" srcset=\"https:\/\/editura-doinacornea.ro\/wp-content\/uploads\/2019\/11\/Logo-Iordachescu.jpg 2009w, https:\/\/editura-doinacornea.ro\/wp-content\/uploads\/2019\/11\/Logo-Iordachescu-1024x340-300x99.jpg 300w, https:\/\/editura-doinacornea.ro\/wp-content\/uploads\/2019\/11\/Logo-Iordachescu-768x255.jpg 768w, https:\/\/editura-doinacornea.ro\/wp-content\/uploads\/2019\/11\/Logo-Iordachescu-1024x340.jpg 1024w, https:\/\/editura-doinacornea.ro\/wp-content\/uploads\/2019\/11\/Logo-Iordachescu-600x200.jpg 600w, https:\/\/editura-doinacornea.ro\/wp-content\/uploads\/2019\/11\/Logo-Iordachescu-1024x340-350x116.jpg 350w\" sizes=\"(max-width: 273px) 100vw, 273px\" \/><\/a><\/figure><\/div>\n\n\n\n<div class=\"wp-block-image\"><figure class=\"aligncenter size-large is-resized\"><a href=\"https:\/\/www.bancatransilvania.ro\" target=\"_blank\" rel=\"noopener noreferrer\"><img loading=\"lazy\" src=\"https:\/\/editura-doinacornea.ro\/wp-content\/uploads\/2020\/06\/BT_Logo_Aliniat-Central_Color_Pantone-dragged-1024x190.png\" alt=\"\" class=\"wp-image-3609\" width=\"507\" height=\"94\" srcset=\"https:\/\/editura-doinacornea.ro\/wp-content\/uploads\/2020\/06\/BT_Logo_Aliniat-Central_Color_Pantone-dragged-1024x190.png 1024w, https:\/\/editura-doinacornea.ro\/wp-content\/uploads\/2020\/06\/BT_Logo_Aliniat-Central_Color_Pantone-dragged-300x56.png 300w, https:\/\/editura-doinacornea.ro\/wp-content\/uploads\/2020\/06\/BT_Logo_Aliniat-Central_Color_Pantone-dragged-768x142.png 768w, https:\/\/editura-doinacornea.ro\/wp-content\/uploads\/2020\/06\/BT_Logo_Aliniat-Central_Color_Pantone-dragged-1536x285.png 1536w, https:\/\/editura-doinacornea.ro\/wp-content\/uploads\/2020\/06\/BT_Logo_Aliniat-Central_Color_Pantone-dragged-2048x379.png 2048w, https:\/\/editura-doinacornea.ro\/wp-content\/uploads\/2020\/06\/BT_Logo_Aliniat-Central_Color_Pantone-dragged-600x111.png 600w\" sizes=\"(max-width: 507px) 100vw, 507px\" \/><\/a><\/figure><\/div>\n\n\n\n<div class=\"wp-block-image\"><figure class=\"aligncenter size-large is-resized\"><a href=\"https:\/\/www.artmark.ro\/ro\" target=\"_blank\" rel=\"noopener noreferrer\"><img loading=\"lazy\" src=\"https:\/\/editura-doinacornea.ro\/wp-content\/uploads\/2020\/06\/logo-artmarkt-1024x646.png\" alt=\"\" class=\"wp-image-3610\" width=\"156\" height=\"98\" srcset=\"https:\/\/editura-doinacornea.ro\/wp-content\/uploads\/2020\/06\/logo-artmarkt-1024x646.png 1024w, https:\/\/editura-doinacornea.ro\/wp-content\/uploads\/2020\/06\/logo-artmarkt-300x189.png 300w, https:\/\/editura-doinacornea.ro\/wp-content\/uploads\/2020\/06\/logo-artmarkt-768x485.png 768w, https:\/\/editura-doinacornea.ro\/wp-content\/uploads\/2020\/06\/logo-artmarkt-600x379.png 600w, https:\/\/editura-doinacornea.ro\/wp-content\/uploads\/2020\/06\/logo-artmarkt.png 1052w\" sizes=\"(max-width: 156px) 100vw, 156px\" \/><\/a><\/figure><\/div>\n\n\n\n<hr class=\"wp-block-separator\"\/>\n\n\n\n<h4 class=\"has-text-align-center\">Compl\u00e9ter le formulaire et soutenez la candidature de Madame Ana Blandiana au Prix Nobel de Litt\u00e9rature 2021:<\/h4>\n\n\n<div class=\"wpforms-container wpforms-container-full\" id=\"wpforms-3437\"><form id=\"wpforms-form-3437\" class=\"wpforms-validate wpforms-form\" data-formid=\"3437\" method=\"post\" enctype=\"multipart\/form-data\" action=\"\/index.php\/wp-json\/wp\/v2\/pages\/3590\"><noscript class=\"wpforms-error-noscript\">Please enable JavaScript in your browser to complete this form.<\/noscript><div class=\"wpforms-field-container\"><div id=\"wpforms-3437-field_6-container\" class=\"wpforms-field wpforms-field-checkbox\" data-field-id=\"6\"><label class=\"wpforms-field-label\" for=\"wpforms-3437-field_6\">Acord <span class=\"wpforms-required-label\">*<\/span><\/label><ul id=\"wpforms-3437-field_6\" class=\"wpforms-field-required\"><li class=\"choice-1 depth-1\"><input type=\"checkbox\" id=\"wpforms-3437-field_6_1\" name=\"wpforms[fields][6][]\" value=\"Trimi\u0163\u00e2nd acest formular \u00eemi exprim acordul deplin \u015fi m\u0103 asociez ac\u0163iunii Funda\u0163iei Doina Cornea de a o propune pe Ana Blandiana \u2013 candidat la Premiul Nobel pentru Literatur\u0103 pe anul 2021\" required ><label class=\"wpforms-field-label-inline\" for=\"wpforms-3437-field_6_1\">Trimi\u0163\u00e2nd acest formular \u00eemi exprim acordul deplin \u015fi m\u0103 asociez ac\u0163iunii Funda\u0163iei Doina Cornea de a o propune pe Ana Blandiana \u2013 candidat la Premiul Nobel pentru Literatur\u0103 pe anul 2021<\/label><\/li><\/ul><\/div><div id=\"wpforms-3437-field_0-container\" class=\"wpforms-field wpforms-field-name\" data-field-id=\"0\"><label class=\"wpforms-field-label\" for=\"wpforms-3437-field_0\">Prenume \u0219i Nume <span class=\"wpforms-required-label\">*<\/span><\/label><input type=\"text\" id=\"wpforms-3437-field_0\" class=\"wpforms-field-medium wpforms-field-required\" name=\"wpforms[fields][0]\" required><\/div><div id=\"wpforms-3437-field_3-container\" class=\"wpforms-field wpforms-field-name\" data-field-id=\"3\"><label class=\"wpforms-field-label\" for=\"wpforms-3437-field_3\">Persoan\u0103 juridic\u0103 \/ CUI (pentru firme \/ asocia\u021bii)<\/label><input type=\"text\" id=\"wpforms-3437-field_3\" class=\"wpforms-field-medium\" name=\"wpforms[fields][3]\" ><\/div><div id=\"wpforms-3437-field_4-container\" class=\"wpforms-field wpforms-field-name\" data-field-id=\"4\"><label class=\"wpforms-field-label\" for=\"wpforms-3437-field_4\">Adresa po\u0219tal\u0103 (nu se va publica) <span class=\"wpforms-required-label\">*<\/span><\/label><input type=\"text\" id=\"wpforms-3437-field_4\" class=\"wpforms-field-medium wpforms-field-required\" name=\"wpforms[fields][4]\" required><\/div><div id=\"wpforms-3437-field_1-container\" class=\"wpforms-field wpforms-field-email\" data-field-id=\"1\"><label class=\"wpforms-field-label\" for=\"wpforms-3437-field_1\">Email <span class=\"wpforms-required-label\">*<\/span><\/label><input type=\"email\" id=\"wpforms-3437-field_1\" class=\"wpforms-field-medium wpforms-field-required\" name=\"wpforms[fields][1]\" required><\/div><div id=\"wpforms-3437-field_2-container\" class=\"wpforms-field wpforms-field-textarea\" data-field-id=\"2\"><label class=\"wpforms-field-label\" for=\"wpforms-3437-field_2\">Un mesaj de su\u021binere pentru Ana Blandiana<\/label><textarea id=\"wpforms-3437-field_2\" class=\"wpforms-field-medium\" name=\"wpforms[fields][2]\" ><\/textarea><\/div><div id=\"wpforms-3437-field_8-container\" class=\"wpforms-field wpforms-field-checkbox\" data-field-id=\"8\"><label class=\"wpforms-field-label\" for=\"wpforms-3437-field_8\">GDPR <span class=\"wpforms-required-label\">*<\/span><\/label><ul id=\"wpforms-3437-field_8\" class=\"wpforms-field-required\"><li class=\"choice-1 depth-1\"><input type=\"checkbox\" id=\"wpforms-3437-field_8_1\" name=\"wpforms[fields][8][]\" value=\"\u00cen contextul legislativ existent (GDPR) \u00eemi exprim acordul ca datele personale pe care le voi oferi s\u0103 fie gestionate \u0219i prelucrate de c\u0103tre Funda\u021bia Doina Cornea pentru sus\u021binerea doamnei Ana Blandiana pentru Premiul Nobel pentru Literatur\u0103 2021.\" required ><label class=\"wpforms-field-label-inline\" for=\"wpforms-3437-field_8_1\">\u00cen contextul legislativ existent (GDPR) \u00eemi exprim acordul ca datele personale pe care le voi oferi s\u0103 fie gestionate \u0219i prelucrate de c\u0103tre Funda\u021bia Doina Cornea pentru sus\u021binerea doamnei Ana Blandiana pentru Premiul Nobel pentru Literatur\u0103 2021.<\/label><\/li><\/ul><\/div><\/div><div class=\"wpforms-field wpforms-field-hp\"><label for=\"wpforms-3437-field-hp\" class=\"wpforms-field-label\">Email<\/label><input type=\"text\" name=\"wpforms[hp]\" id=\"wpforms-3437-field-hp\" class=\"wpforms-field-medium\"><\/div><div class=\"wpforms-submit-container\" ><input type=\"hidden\" name=\"wpforms[id]\" value=\"3437\"><input type=\"hidden\" name=\"wpforms[author]\" value=\"1\"><button type=\"submit\" name=\"wpforms[submit]\" class=\"wpforms-submit \" id=\"wpforms-submit-3437\" value=\"wpforms-submit\" aria-live=\"assertive\" data-alt-text=\"Se trimite...\" data-submit-text=\"Trimite\">Trimite<\/button><\/div><\/form><\/div>  <!-- .wpforms-container -->\n\n\n<p>Ap\u0103sa\u021bi butonul <strong>Trimite<\/strong> pentru a finaliza \u00eenregistrarea semn\u0103turii dumneavoastr\u0103. \u00cen cazul \u00een care datele au fost corect introduse ve\u021bi primi un mesaj de confirmare pe adresa dumneavoastr\u0103 de email. \u00cen cazul \u00een care nu primi\u021bi \u00een c\u00e2teva minute mesajul, v\u0103 rug\u0103m s\u0103 reintroduce\u021bi corect datele sau s\u0103 ne trimite\u021bi un mesaj la adresa contact@fundatia-doinacornea.ro.<\/p>","protected":false},"excerpt":{"rendered":"<p>APPEL &nbsp;&nbsp;&nbsp;&nbsp;&nbsp;&nbsp;&nbsp;&nbsp;Parce que la Roumanie a encore des valeurs et que celles-ci doivent \u00eatre connues et respect\u00e9es \u2013 tant \u00e0 l&#8217;\u00e9chelle nationale qu&#8217;internationale \u2013, la Fondation Doina Cornea, ainsi que les personnalit\u00e9s marquantes de la vie litt\u00e9raire, culturelle de la Roumanie et sa diaspora, \u00e0 l&#8217;initiative de Gabriel Cojocaru, propose et soutient la candidature de [&hellip;]<\/p>\n","protected":false},"author":1,"featured_media":0,"parent":0,"menu_order":0,"comment_status":"closed","ping_status":"closed","template":"","meta":[],"builder_content":"<img loading=\"lazy\" width=\"2667\" height=\"834\" src=\"data:image\/svg+xml;base64,PHN2ZyB2aWV3Qm94PSIwIDAgMjY2NyA4MzQiIHdpZHRoPSIyNjY3IiBoZWlnaHQ9IjgzNCIgZGF0YS11PSJodHRwcyUzQSUyRiUyRmVkaXR1cmEtZG9pbmFjb3JuZWEucm8lMkZ3cC1jb250ZW50JTJGdXBsb2FkcyUyRjIwMjAlMkYwNSUyRkJhbm5lci1BbmEtQmxhbmRpYW5hLTIucG5nIiBkYXRhLXc9IjI2NjciIGRhdGEtaD0iODM0IiB4bWxucz0iaHR0cDovL3d3dy53My5vcmcvMjAwMC9zdmciPjwvc3ZnPg==\" data-spai=\"1\" title=\"Banner Ana Blandiana\" alt=\"Banner Ana Blandiana\"   sizes=\"(max-width: 2667px) 100vw, 2667px\" \/>\n<a href=\"https:\/\/editura-doinacornea.ro\/index.php\/formular-sustinere\/\" > Semneaz\u0103 \u0219i tu! <\/a>","_links":{"self":[{"href":"https:\/\/editura-doinacornea.ro\/index.php\/wp-json\/wp\/v2\/pages\/3590"}],"collection":[{"href":"https:\/\/editura-doinacornea.ro\/index.php\/wp-json\/wp\/v2\/pages"}],"about":[{"href":"https:\/\/editura-doinacornea.ro\/index.php\/wp-json\/wp\/v2\/types\/page"}],"author":[{"embeddable":true,"href":"https:\/\/editura-doinacornea.ro\/index.php\/wp-json\/wp\/v2\/users\/1"}],"replies":[{"embeddable":true,"href":"https:\/\/editura-doinacornea.ro\/index.php\/wp-json\/wp\/v2\/comments?post=3590"}],"version-history":[{"count":7,"href":"https:\/\/editura-doinacornea.ro\/index.php\/wp-json\/wp\/v2\/pages\/3590\/revisions"}],"predecessor-version":[{"id":3617,"href":"https:\/\/editura-doinacornea.ro\/index.php\/wp-json\/wp\/v2\/pages\/3590\/revisions\/3617"}],"wp:attachment":[{"href":"https:\/\/editura-doinacornea.ro\/index.php\/wp-json\/wp\/v2\/media?parent=3590"}],"curies":[{"name":"wp","href":"https:\/\/api.w.org\/{rel}","templated":true}]}}