{"id":4079,"date":"2022-03-15T14:48:40","date_gmt":"2022-03-15T14:48:40","guid":{"rendered":"https:\/\/editura-doinacornea.ro\/?page_id=4079"},"modified":"2022-06-14T11:10:24","modified_gmt":"2022-06-14T11:10:24","slug":"in-pregatire","status":"publish","type":"page","link":"https:\/\/editura-doinacornea.ro\/index.php\/in-pregatire\/","title":{"rendered":"\u00cen preg\u0103tire"},"content":{"rendered":"<!--themify_builder_content-->\n<div id=\"themify_builder_content-4079\" data-postid=\"4079\" class=\"themify_builder_content themify_builder_content-4079 themify_builder tf_clear\">\n    <\/div>\n<!--\/themify_builder_content-->\n\n\n<p>Doina Cornea \u2013 Jurnal<\/p>\n\n\n\n<p>Sorin Grecu \u2013 Morm\u00e2nt f\u0103r\u0103 cruce<\/p>\n\n\n\n<p>Marius Oprea&nbsp; &#8211; \u00cen gr\u0103dina \u00cengerilor (Ultimul interviu al doamnei Doina Cornea)<\/p>","protected":false},"excerpt":{"rendered":"<p>Doina Cornea \u2013 Jurnal Sorin Grecu \u2013 Morm\u00e2nt f\u0103r\u0103 cruce Marius Oprea&nbsp; &#8211; \u00cen gr\u0103dina \u00cengerilor (Ultimul interviu al doamnei Doina Cornea)<\/p>\n","protected":false},"author":1,"featured_media":0,"parent":0,"menu_order":0,"comment_status":"closed","ping_status":"closed","template":"","meta":[],"builder_content":"","_links":{"self":[{"href":"https:\/\/editura-doinacornea.ro\/index.php\/wp-json\/wp\/v2\/pages\/4079"}],"collection":[{"href":"https:\/\/editura-doinacornea.ro\/index.php\/wp-json\/wp\/v2\/pages"}],"about":[{"href":"https:\/\/editura-doinacornea.ro\/index.php\/wp-json\/wp\/v2\/types\/page"}],"author":[{"embeddable":true,"href":"https:\/\/editura-doinacornea.ro\/index.php\/wp-json\/wp\/v2\/users\/1"}],"replies":[{"embeddable":true,"href":"https:\/\/editura-doinacornea.ro\/index.php\/wp-json\/wp\/v2\/comments?post=4079"}],"version-history":[{"count":4,"href":"https:\/\/editura-doinacornea.ro\/index.php\/wp-json\/wp\/v2\/pages\/4079\/revisions"}],"predecessor-version":[{"id":4123,"href":"https:\/\/editura-doinacornea.ro\/index.php\/wp-json\/wp\/v2\/pages\/4079\/revisions\/4123"}],"wp:attachment":[{"href":"https:\/\/editura-doinacornea.ro\/index.php\/wp-json\/wp\/v2\/media?parent=4079"}],"curies":[{"name":"wp","href":"https:\/\/api.w.org\/{rel}","templated":true}]}}