{"id":76,"date":"2019-11-12T09:46:43","date_gmt":"2019-11-12T09:46:43","guid":{"rendered":"https:\/\/editura-doinacornea.ro\/?page_id=76"},"modified":"2019-12-21T09:53:18","modified_gmt":"2019-12-21T09:53:18","slug":"scop","status":"publish","type":"page","link":"https:\/\/editura-doinacornea.ro\/index.php\/scop\/","title":{"rendered":"Scop"},"content":{"rendered":"<!--themify_builder_content-->\n<div id=\"themify_builder_content-76\" data-postid=\"76\" class=\"themify_builder_content themify_builder_content-76 themify_builder tf_clear\">\n    \t<!-- module_row -->\n\t<div  data-css_id=\"qhn4293\" data-lazy=\"1\" class=\"module_row themify_builder_row fullwidth_row_container tb_qhn4293 tb_first tf_clearfix\" >\n\t    \t\t<div class=\"row_inner col_align_bottom gutter-none col_auto_height col-count-2 tf_box tf_w tf_rel\">\n\t\t\t<div  data-lazy=\"1\" style=\"width: 72%\" class=\"module_column tb-column col4-2 first tb_dxgr293 tf_box\">\n\t\t\t    \t        <div class=\"tb-column-inner tf_box tf_w\">\n\t\t    <!-- module text -->\n<div  class=\"module module-text tb_2vgj293   \" data-lazy=\"1\">\n        <div  class=\"tb_text_wrap\">\n    <h3 style=\"text-align: left;\">Funda\u021bia <br \/>Doina Cornea<\/h3>    <\/div>\n<\/div>\n<!-- \/module text --><!-- module image -->\n<div  class=\"module module-image tb_dmbi294 bordered  image-center tf_mw\" data-lazy=\"1\" data-lax-optimize=\"true\" data-lax-translate-y=\"(vh*0.7) 0,(vh*0) -70\" data-lax-v-speed=\"1\" data-lax-no-op=\"true\" data-lax=\"true\" data-lax-anchor=\"self\">\n        <div class=\"image-wrap tf_rel tf_mw\">\n\t\t    <img loading=\"lazy\" src=\"https:\/\/editura-doinacornea.ro\/wp-content\/uploads\/2019\/11\/Screenshot-2019-11-12-at-16.56.13-1024x660-600x386.png\" width=\"600\" height=\"386\" class=\"wp-post-image wp-image-129\" title=\"Screenshot 2019-11-12 at 16.56.13\" alt=\"Screenshot 2019-11-12 at 16.56.13\" srcset=\"https:\/\/editura-doinacornea.ro\/wp-content\/uploads\/2019\/11\/Screenshot-2019-11-12-at-16.56.13-1024x660-600x386.png 600w, https:\/\/editura-doinacornea.ro\/wp-content\/uploads\/2019\/11\/Screenshot-2019-11-12-at-16.56.13-300x193.png 300w, https:\/\/editura-doinacornea.ro\/wp-content\/uploads\/2019\/11\/Screenshot-2019-11-12-at-16.56.13-768x495.png 768w, https:\/\/editura-doinacornea.ro\/wp-content\/uploads\/2019\/11\/Screenshot-2019-11-12-at-16.56.13-1024x660.png 1024w\" sizes=\"(max-width: 600px) 100vw, 600px\" \/>\t\n\t\t<\/div>\n\t<!-- \/image-wrap -->\n    \n    \t<\/div>\n<!-- \/module image -->\t        <\/div>\n\t    \t<\/div>\n\t\t<div  data-lazy=\"1\" style=\"width: 28%\" class=\"module_column tb-column col4-2 last tb_oy8b294 tf_box\">\n\t\t\t    \t        <div class=\"tb-column-inner tf_box tf_w\">\n\t\t    \t<div  data-lazy=\"1\" class=\"module_subrow themify_builder_sub_row repeat tb_7imw294 tf_w tf_clearfix\">\n\t    \t\t<div class=\"subrow_inner col_align_top col-count-1 tf_box tf_w\">\n\t\t\t<div  data-lazy=\"1\" class=\"sub_column module_column tf_box col-full first tb_m038294\"> \n\t    \t    \t        <div class=\"tb-column-inner tf_box tf_w\">\n\t\t    <!-- module text -->\n<div  class=\"module module-text tb_qnu3295  repeat \" data-lazy=\"1\">\n        <div  class=\"tb_text_wrap\">\n    <h3>Misiunea<\/h3>\n<p>Misiunea funda\u021biei este p\u0103strarea vie a memoriei doamnei Doina Cornea, inventarierea, arhivarea, conservarea \u0219i punerea \u00een valoare a \u00eentregii opere \u0219i a tuturor documentelor r\u0103mase la plecarea acesteia, inclusiv cele ale fiicei acesteia, Ariadna Combes, realizarea de ac\u021biuni educative \u00een spiritul doamnei Doina Cornea \u0219i nu \u00een ultimul r\u00e2nd, realizarea de acte de caritate.<\/p>    <\/div>\n<\/div>\n<!-- \/module text -->\t        <\/div>\n\t    \t<\/div>\n\t\t    <\/div>\n\t<\/div><!-- \/themify_builder_sub_row -->\n\t\t        <\/div>\n\t    \t<\/div>\n\t\t    <\/div>\n\t    <!-- \/row_inner -->\n\t<\/div>\n\t<!-- \/module_row -->\n\t\t<!-- module_row -->\n\t<div  data-css_id=\"otqs542\" data-lazy=\"1\" class=\"module_row themify_builder_row fullwidth_row_container tb_otqs542 tf_clearfix\" >\n\t    \t\t<div class=\"row_inner col_align_bottom gutter-none col_auto_height col-count-2 direction-rtl tf_box tf_w tf_rel\"  data-desktop_dir=\"rtl\" data-tablet_dir=\"rtl\" data-tablet_landscape_dir=\"rtl\" data-basecol=\"2\" data-col_mobile=\"column-full\">\n\t\t\t<div  data-lazy=\"1\" class=\"module_column tb-column col4-2 last tb_djg6542 tf_box\">\n\t\t\t    \t        <div class=\"tb-column-inner tf_box tf_w\">\n\t\t    <!-- module image -->\n<div  class=\"module module-image tb_agyc544 bordered  image-center tf_mw\" data-lazy=\"1\" data-lax-optimize=\"true\" data-lax-translate-y=\"(vh*0.7) 0,(vh*0) -70\" data-lax-v-speed=\"1\" data-lax-no-op=\"true\" data-lax=\"true\" data-lax-anchor=\"self\">\n        <div class=\"image-wrap tf_rel tf_mw\">\n\t\t    <img loading=\"lazy\" src=\"https:\/\/editura-doinacornea.ro\/wp-content\/uploads\/2019\/11\/Screenshot-2019-11-12-at-16.59.36-1024x694-600x406.png\" width=\"600\" height=\"406\" class=\"wp-post-image wp-image-132\" title=\"Screenshot 2019-11-12 at 16.59.36\" alt=\"Screenshot 2019-11-12 at 16.59.36\" srcset=\"https:\/\/editura-doinacornea.ro\/wp-content\/uploads\/2019\/11\/Screenshot-2019-11-12-at-16.59.36-1024x694-600x406.png 600w, https:\/\/editura-doinacornea.ro\/wp-content\/uploads\/2019\/11\/Screenshot-2019-11-12-at-16.59.36-300x203.png 300w, https:\/\/editura-doinacornea.ro\/wp-content\/uploads\/2019\/11\/Screenshot-2019-11-12-at-16.59.36-768x521.png 768w, https:\/\/editura-doinacornea.ro\/wp-content\/uploads\/2019\/11\/Screenshot-2019-11-12-at-16.59.36-1024x694.png 1024w\" sizes=\"(max-width: 600px) 100vw, 600px\" \/>\t\n\t\t<\/div>\n\t<!-- \/image-wrap -->\n    \n    \t<\/div>\n<!-- \/module image -->\t        <\/div>\n\t    \t<\/div>\n\t\t<div  data-lazy=\"1\" class=\"module_column tb-column col4-2 first tb_kzix545 tf_box\">\n\t\t\t    \t        <div class=\"tb-column-inner tf_box tf_w\">\n\t\t    \t<div  data-lazy=\"1\" class=\"module_subrow themify_builder_sub_row repeat tb_3658545 tf_w tf_clearfix\">\n\t    \t\t<div class=\"subrow_inner col_align_top col-count-1 tf_box tf_w\">\n\t\t\t<div  data-lazy=\"1\" class=\"sub_column module_column tf_box col-full first tb_pget545\"> \n\t    \t    \t        <div class=\"tb-column-inner tf_box tf_w\">\n\t\t    <!-- module text -->\n<div  class=\"module module-text tb_cikh546   \" data-lazy=\"1\">\n        <div  class=\"tb_text_wrap\">\n    <h3>Obiectivele<\/h3>\n<p>Printre obiectivele funda\u021biei se num\u0103r\u0103 p\u0103strara vie a memoriei doamnei Doina Cornea prin organizarea de evenimente (simpozioane, conferin\u021be, prezent\u0103ri), publicarea desenelor, picturilor \u0219i operei sale care a r\u0103mas nepublicat\u0103, republicarea c\u0103r\u021bilor ap\u0103rute deja, organizarea de expozi\u021bii ce cuprind opera sa, realizarea unei case memoriale care s\u0103-i poarte numele, \u00eenfiin\u021barea unei edituri a funda\u021biei, dar \u0219i alte activit\u0103\u021bi care s\u0103 fie \u00een concordan\u021b\u0103 cu scopul Funda\u021biei Doina Cornea.<\/p>    <\/div>\n<\/div>\n<!-- \/module text -->\t        <\/div>\n\t    \t<\/div>\n\t\t    <\/div>\n\t<\/div><!-- \/themify_builder_sub_row -->\n\t\t        <\/div>\n\t    \t<\/div>\n\t\t    <\/div>\n\t    <!-- \/row_inner -->\n\t<\/div>\n\t<!-- \/module_row -->\n\t<\/div>\n<!--\/themify_builder_content-->","protected":false},"excerpt":{"rendered":"<p>Funda\u021bia Doina Cornea<\/p>\n","protected":false},"author":1,"featured_media":0,"parent":0,"menu_order":0,"comment_status":"closed","ping_status":"closed","template":"","meta":[],"builder_content":"<h3 style=\"text-align: left;\">Funda\u021bia <br \/>Doina Cornea<\/h3>\n<img loading=\"lazy\" src=\"data:image\/svg+xml;base64,PHN2ZyB2aWV3Qm94PSIwIDAgMTAyNCA2NjAiIHdpZHRoPSIxMDI0IiBoZWlnaHQ9IjY2MCIgZGF0YS11PSJodHRwcyUzQSUyRiUyRmVkaXR1cmEtZG9pbmFjb3JuZWEucm8lMkZ3cC1jb250ZW50JTJGdXBsb2FkcyUyRjIwMTklMkYxMSUyRlNjcmVlbnNob3QtMjAxOS0xMS0xMi1hdC0xNi41Ni4xMy0xMDI0eDY2MC5wbmciIGRhdGEtdz0iMTAyNCIgZGF0YS1oPSI2NjAiIHhtbG5zPSJodHRwOi8vd3d3LnczLm9yZy8yMDAwL3N2ZyI+PC9zdmc+\" data-spai=\"1\" width=\"600\" height=\"386\" title=\"Screenshot 2019-11-12 at 16.56.13\" alt=\"Screenshot 2019-11-12 at 16.56.13\"   sizes=\"(max-width: 600px) 100vw, 600px\" \/>\n<h3>Misiunea<\/h3> <p>Misiunea funda\u021biei este p\u0103strarea vie a memoriei doamnei Doina Cornea, inventarierea, arhivarea, conservarea \u0219i punerea \u00een valoare a \u00eentregii opere \u0219i a tuturor documentelor r\u0103mase la plecarea acesteia, inclusiv cele ale fiicei acesteia, Ariadna Combes, realizarea de ac\u021biuni educative \u00een spiritul doamnei Doina Cornea \u0219i nu \u00een ultimul r\u00e2nd, realizarea de acte de caritate.<\/p>\n<img loading=\"lazy\" src=\"data:image\/svg+xml;base64,PHN2ZyB2aWV3Qm94PSIwIDAgMTAyNCA2OTQiIHdpZHRoPSIxMDI0IiBoZWlnaHQ9IjY5NCIgZGF0YS11PSJodHRwcyUzQSUyRiUyRmVkaXR1cmEtZG9pbmFjb3JuZWEucm8lMkZ3cC1jb250ZW50JTJGdXBsb2FkcyUyRjIwMTklMkYxMSUyRlNjcmVlbnNob3QtMjAxOS0xMS0xMi1hdC0xNi41OS4zNi0xMDI0eDY5NC5wbmciIGRhdGEtdz0iMTAyNCIgZGF0YS1oPSI2OTQiIHhtbG5zPSJodHRwOi8vd3d3LnczLm9yZy8yMDAwL3N2ZyI+PC9zdmc+\" data-spai=\"1\" width=\"600\" height=\"406\" title=\"Screenshot 2019-11-12 at 16.59.36\" alt=\"Screenshot 2019-11-12 at 16.59.36\"   sizes=\"(max-width: 600px) 100vw, 600px\" \/>\n<h3>Obiectivele<\/h3> <p>Printre obiectivele funda\u021biei se num\u0103r\u0103 p\u0103strara vie a memoriei doamnei Doina Cornea prin organizarea de evenimente (simpozioane, conferin\u021be, prezent\u0103ri), publicarea desenelor, picturilor \u0219i operei sale care a r\u0103mas nepublicat\u0103, republicarea c\u0103r\u021bilor ap\u0103rute deja, organizarea de expozi\u021bii ce cuprind opera sa, realizarea unei case memoriale care s\u0103-i poarte numele, \u00eenfiin\u021barea unei edituri a funda\u021biei, dar \u0219i alte activit\u0103\u021bi care s\u0103 fie \u00een concordan\u021b\u0103 cu scopul Funda\u021biei Doina Cornea.<\/p>","_links":{"self":[{"href":"https:\/\/editura-doinacornea.ro\/index.php\/wp-json\/wp\/v2\/pages\/76"}],"collection":[{"href":"https:\/\/editura-doinacornea.ro\/index.php\/wp-json\/wp\/v2\/pages"}],"about":[{"href":"https:\/\/editura-doinacornea.ro\/index.php\/wp-json\/wp\/v2\/types\/page"}],"author":[{"embeddable":true,"href":"https:\/\/editura-doinacornea.ro\/index.php\/wp-json\/wp\/v2\/users\/1"}],"replies":[{"embeddable":true,"href":"https:\/\/editura-doinacornea.ro\/index.php\/wp-json\/wp\/v2\/comments?post=76"}],"version-history":[{"count":7,"href":"https:\/\/editura-doinacornea.ro\/index.php\/wp-json\/wp\/v2\/pages\/76\/revisions"}],"predecessor-version":[{"id":492,"href":"https:\/\/editura-doinacornea.ro\/index.php\/wp-json\/wp\/v2\/pages\/76\/revisions\/492"}],"wp:attachment":[{"href":"https:\/\/editura-doinacornea.ro\/index.php\/wp-json\/wp\/v2\/media?parent=76"}],"curies":[{"name":"wp","href":"https:\/\/api.w.org\/{rel}","templated":true}]}}